{"id":26487,"date":"2023-10-11T14:47:24","date_gmt":"2023-10-11T12:47:24","guid":{"rendered":"https:\/\/gg3.eu\/introduction-to-the-exhibition-light-on-your-feet-dr-klaus-bock\/"},"modified":"2023-11-20T12:37:14","modified_gmt":"2023-11-20T11:37:14","slug":"introduction-to-the-exhibition-light-on-your-feet-dr-klaus-bock","status":"publish","type":"page","link":"https:\/\/gg3.eu\/en\/introduction-to-the-exhibition-light-on-your-feet-dr-klaus-bock\/","title":{"rendered":"Introduction to the exhibition &#8220;Light on your feet&#8221; Dr. Klaus Bock"},"content":{"rendered":"<h2 class=\"western\" lang=\"en-US\">Light on your feet<\/h2>\n<div id=\"attachment_26484\" style=\"width: 310px\" class=\"wp-caption alignright\"><a href=\"https:\/\/gg3.eu\/wp-content\/uploads\/2023\/10\/DSC01273-scaled.jpg\" data-rel=\"lightbox-image-0\" data-magnific_type=\"image\" data-rl_title=\"Einf\u00fchrung in die Ausstellung &quot;Leichtf\u00fc\u00dfig&quot; Dr. Klaus Bock\" data-rl_caption=\"Einf\u00fchrung in die Ausstellung &quot;Leichtf\u00fc\u00dfig&quot; Dr. Klaus Bock\" title=\"Einf\u00fchrung in die Ausstellung &quot;Leichtf\u00fc\u00dfig&quot; Dr. Klaus Bock\"><img loading=\"lazy\" decoding=\"async\" aria-describedby=\"caption-attachment-26484\" class=\"size-medium wp-image-26484\" src=\"https:\/\/gg3.eu\/wp-content\/uploads\/2023\/10\/DSC01273-300x200.jpg\" alt=\"\" width=\"300\" height=\"200\" srcset=\"https:\/\/gg3.eu\/wp-content\/uploads\/2023\/10\/DSC01273-300x200.jpg 300w, https:\/\/gg3.eu\/wp-content\/uploads\/2023\/10\/DSC01273-scaled.jpg 1024w, https:\/\/gg3.eu\/wp-content\/uploads\/2023\/10\/DSC01273-768x512.jpg 768w, https:\/\/gg3.eu\/wp-content\/uploads\/2023\/10\/DSC01273-1536x1024.jpg 1536w, https:\/\/gg3.eu\/wp-content\/uploads\/2023\/10\/DSC01273-2048x1365.jpg 2048w, https:\/\/gg3.eu\/wp-content\/uploads\/2023\/10\/DSC01273-766x511.jpg 766w\" sizes=\"auto, (max-width: 300px) 100vw, 300px\" \/><\/a><p id=\"caption-attachment-26484\" class=\"wp-caption-text\">{%CAPTION%}<\/p><\/div>\n<p><span lang=\"de-DE\">10 years of GG3, 10 years of sustainable art &#8211; <\/span><span lang=\"de-DE\">Light on its feet<\/span><span lang=\"de-DE\">  sees itself as a distillation of efforts to create sustainable art, to foreground the theme of sustainability through the means of art. In this context, sustainable art is defined as works for which as few resources as possible have been used, i.e. which have a very small &#8220;ecological footprint&#8221;. But it is not infinitely small, it would be only if the art were no more than a thought (if any), and we could not look at it together in the gallery. So an exhibition always leaves a footprint. Here&#8217;s an attempt: To compensate for this, one could make the &#8220;handprint&#8221; of art, i.e. what art can achieve in terms of a sustainable future, as large as possible. Of course, the dimensions of the art object are of least importance, but rather the symbolic shadow it casts. The size and effect of the shadow depend on the position, strength and diffusion of the light source shining on the artwork, and on the projection surface you offer the shadow. Thus, the symbolic shadow of art can become infinite. In addition, there are proven ways to increase it by applying more hands to the hand of the artwork &#8211; this could be art criticism, for example, or Instagram. However, this shadow cannot grab anything, and therefore cannot move anything directly. It is symbolic. What the great hand of art then does: It can point to something or someone.<\/span><\/p>\n<h2 class=\"western\" lang=\"en-US\">Illuminating shadows<\/h2>\n<p><span lang=\"de-DE\">So let&#8217;s look at the symbolic shadow of some of the works that are in this exhibition to check what they refer to. First &#8211; obvious &#8211;  <\/span><strong><span lang=\"de-DE\">Christiane Gaeberts <\/span><span lang=\"de-DE\">BERLINBERLIN<\/span><\/strong><span lang=\"de-DE\">consisting of plans of the pre-turnaround city, cut up and reshaped into delicate sculptures whose shadows make me think of a butterfly, a plant or the like. Berlin, the motoring city, appears like an organic being against a gray background. A glimpse of a promising future? Or  <\/span><strong><span lang=\"de-DE\">Andrea Gollas <\/span><span lang=\"de-DE\">Waste Your Time<\/span><\/strong><span lang=\"de-DE\">  &#8211; She has created a beguiling carpet from waste, the chemical composition of which is probably very similar to that of a department store carpet. What do we buy in the furniture store other than tomorrow&#8217;s trash. So we probably have to come to a different way of dealing with all these things than always trying to get rid of what we have just acquired as quickly as possible.  <\/span><strong><span lang=\"de-DE\">Mariel Gottwicks <\/span><span lang=\"de-DE\">A new world every week<\/span><\/strong><span lang=\"de-DE\">  again comes very close to talking about the work of art as a thought. The visitors are asked to rebuild the world &#8211; in the form of boxes with allusive inscriptions &#8211; from which ever new word games arise. Invisible question marks always appear behind the words, so the reconstruction of the world never comes to a harmonious end. The hand mentioned above meets us in its largest possible version as  <\/span><strong><span lang=\"de-DE\">Stephan Great&#8217; <\/span><span lang=\"de-DE\">Hand of God<\/span><\/strong><span lang=\"de-DE\">, whose counterpart is a vase modeled after a coral &#8211; product of evolution or creation, depending on your worldview. The divine spark passes over to the design object. Or maybe the inspiration goes the opposite way, if Ludwig Feuerbach was right and man has indeed created God in his image. (The hand in this work is, after all, only made of porcelain, from which the title cleverly distracts). This small work therefore casts a huge shadow, as already indicated.  <\/span><\/p>\n<h2 class=\"western\" lang=\"en-US\">Artfully off the mark<\/h2>\n<p><span lang=\"de-DE\">The shadow of our own past falls upon us in the form of <\/span><span lang=\"de-DE\"><strong>Claudia<\/strong> <strong>Michaela Kochsmeier&#8217;s <\/strong><\/span><strong><br \/>\n  <span lang=\"de-DE\">Shapes steeped in history evoke a sense of reality<\/span><br \/>\n<\/strong><span lang=\"de-DE\">. Emotions are triggered by the TV she presents us with, because in it the earlier TV-mediated fears and annoyance are suspended as nostalgia. What we couldn&#8217;t sleep because of in the past, we are comfortably munching on today. How else to explain the infotainment flood of historical documentaries and old news broadcasts on the Internet portals of TV stations (<\/span><span lang=\"en-US\">https:\/\/www.ardmediathek.de\/retro<\/span><span lang=\"de-DE\">). Kochsmeier covered the television with a layer of sand in which she left a footprint. This layer reminds us that not only most of the earlier fears, but also the promises of the time have been blown away by what actually happened. It is almost certain that the same will soon be said about today&#8217;s visions of the future.  <\/span><\/p>\n<p><span lang=\"de-DE\">We inevitably succumb to new errors (and sometimes old ones anew). So what we have to strive for is not to be right in the end. Our goal should be that our errors are not as fatal as the falls of  <\/span><strong><br \/>\n  <span lang=\"de-DE\">Christoph Medicus&#8217; throwing doll <\/span><br \/>\n<\/strong><span lang=\"de-DE\">from <\/span><strong><br \/>\n  <span lang=\"en-US\">Don&#8217;t you throw yourself away again<\/span><br \/>\n  <span lang=\"en-US\">?.<\/span><br \/>\n<\/strong><span lang=\"de-DE\">  The doll throws itself into the abyss for us. Perhaps in this way art helps us to circumnavigate one or the other fatality by always being one error, one doom ahead of us. Because artists are allowed or supposed to do just that: go astray. But please on such a high level as in this exhibition.<\/span><\/p>\n","protected":false},"excerpt":{"rendered":"<p>Light on your feet 10 years of GG3, 10 years of sustainable art &#8211; Light on its feet sees itself as a distillation of efforts to create sustainable art, to foreground the theme of sustainability through the means of art. In this context, sustainable art is defined as works for which as few resources as [&hellip;]<\/p>\n","protected":false},"author":5,"featured_media":0,"parent":0,"menu_order":0,"comment_status":"closed","ping_status":"closed","template":"","meta":{"footnotes":""},"tags":[],"class_list":["post-26487","page","type-page","status-publish","hentry"],"yoast_head":"<!-- This site is optimized with the Yoast SEO plugin v27.5 - https:\/\/yoast.com\/product\/yoast-seo-wordpress\/ -->\n<title>Introduction to the exhibition &quot;Light on your feet&quot; Dr. Klaus Bock | Galerie f\u00fcr nachhaltige Kunst in Berlin<\/title>\n<meta name=\"description\" content=\"Introduction to the exhibition &quot;Leichtf\u00fc\u00dfig&quot; by Dr. Klaus Bock at the vernissage on 6.10.2023\" \/>\n<meta name=\"robots\" content=\"index, follow, max-snippet:-1, max-image-preview:large, max-video-preview:-1\" \/>\n<link rel=\"canonical\" href=\"https:\/\/gg3.eu\/en\/introduction-to-the-exhibition-light-on-your-feet-dr-klaus-bock\/\" \/>\n<meta property=\"og:locale\" content=\"en_US\" \/>\n<meta property=\"og:type\" content=\"article\" \/>\n<meta property=\"og:title\" content=\"Introduction to the exhibition &quot;Light on your feet&quot; Dr. Klaus Bock | Galerie f\u00fcr nachhaltige Kunst in Berlin\" \/>\n<meta property=\"og:description\" content=\"Introduction to the exhibition &quot;Leichtf\u00fc\u00dfig&quot; by Dr. Klaus Bock at the vernissage on 6.10.2023\" \/>\n<meta property=\"og:url\" content=\"https:\/\/gg3.eu\/en\/introduction-to-the-exhibition-light-on-your-feet-dr-klaus-bock\/\" \/>\n<meta property=\"og:site_name\" content=\"Galerie f\u00fcr nachhaltige Kunst in Berlin\" \/>\n<meta property=\"article:publisher\" content=\"https:\/\/www.facebook.com\/GroupGlobal3000\/\" \/>\n<meta property=\"article:modified_time\" content=\"2023-11-20T11:37:14+00:00\" \/>\n<meta property=\"og:image\" content=\"https:\/\/gg3.eu\/wp-content\/uploads\/2023\/10\/DSC01273-300x200.jpg\" \/>\n<meta name=\"twitter:card\" content=\"summary_large_image\" \/>\n<meta name=\"twitter:label1\" content=\"Est. reading time\" \/>\n\t<meta name=\"twitter:data1\" content=\"4 minutes\" \/>\n<script type=\"application\/ld+json\" class=\"yoast-schema-graph\">{\"@context\":\"https:\\\/\\\/schema.org\",\"@graph\":[{\"@type\":\"WebPage\",\"@id\":\"https:\\\/\\\/gg3.eu\\\/en\\\/introduction-to-the-exhibition-light-on-your-feet-dr-klaus-bock\\\/\",\"url\":\"https:\\\/\\\/gg3.eu\\\/en\\\/introduction-to-the-exhibition-light-on-your-feet-dr-klaus-bock\\\/\",\"name\":\"Introduction to the exhibition \\\"Light on your feet\\\" Dr. Klaus Bock | Galerie f\u00fcr nachhaltige Kunst in Berlin\",\"isPartOf\":{\"@id\":\"https:\\\/\\\/gg3.eu\\\/en\\\/#website\"},\"primaryImageOfPage\":{\"@id\":\"https:\\\/\\\/gg3.eu\\\/en\\\/introduction-to-the-exhibition-light-on-your-feet-dr-klaus-bock\\\/#primaryimage\"},\"image\":{\"@id\":\"https:\\\/\\\/gg3.eu\\\/en\\\/introduction-to-the-exhibition-light-on-your-feet-dr-klaus-bock\\\/#primaryimage\"},\"thumbnailUrl\":\"https:\\\/\\\/gg3.eu\\\/wp-content\\\/uploads\\\/2023\\\/10\\\/DSC01273-300x200.jpg\",\"datePublished\":\"2023-10-11T12:47:24+00:00\",\"dateModified\":\"2023-11-20T11:37:14+00:00\",\"description\":\"Introduction to the exhibition \\\"Leichtf\u00fc\u00dfig\\\" by Dr. Klaus Bock at the vernissage on 6.10.2023\",\"breadcrumb\":{\"@id\":\"https:\\\/\\\/gg3.eu\\\/en\\\/introduction-to-the-exhibition-light-on-your-feet-dr-klaus-bock\\\/#breadcrumb\"},\"inLanguage\":\"en-US\",\"potentialAction\":[{\"@type\":\"ReadAction\",\"target\":[\"https:\\\/\\\/gg3.eu\\\/en\\\/introduction-to-the-exhibition-light-on-your-feet-dr-klaus-bock\\\/\"]}]},{\"@type\":\"ImageObject\",\"inLanguage\":\"en-US\",\"@id\":\"https:\\\/\\\/gg3.eu\\\/en\\\/introduction-to-the-exhibition-light-on-your-feet-dr-klaus-bock\\\/#primaryimage\",\"url\":\"https:\\\/\\\/gg3.eu\\\/wp-content\\\/uploads\\\/2023\\\/10\\\/DSC01273-300x200.jpg\",\"contentUrl\":\"https:\\\/\\\/gg3.eu\\\/wp-content\\\/uploads\\\/2023\\\/10\\\/DSC01273-300x200.jpg\"},{\"@type\":\"BreadcrumbList\",\"@id\":\"https:\\\/\\\/gg3.eu\\\/en\\\/introduction-to-the-exhibition-light-on-your-feet-dr-klaus-bock\\\/#breadcrumb\",\"itemListElement\":[{\"@type\":\"ListItem\",\"position\":1,\"name\":\"Startseite\",\"item\":\"https:\\\/\\\/gg3.eu\\\/en\\\/\"},{\"@type\":\"ListItem\",\"position\":2,\"name\":\"Introduction to the exhibition &#8220;Light on your feet&#8221; Dr. Klaus Bock\"}]},{\"@type\":\"WebSite\",\"@id\":\"https:\\\/\\\/gg3.eu\\\/en\\\/#website\",\"url\":\"https:\\\/\\\/gg3.eu\\\/en\\\/\",\"name\":\"Galerie f\u00fcr nachhaltige Kunst in Berlin\",\"description\":\"\",\"potentialAction\":[{\"@type\":\"SearchAction\",\"target\":{\"@type\":\"EntryPoint\",\"urlTemplate\":\"https:\\\/\\\/gg3.eu\\\/en\\\/?s={search_term_string}\"},\"query-input\":{\"@type\":\"PropertyValueSpecification\",\"valueRequired\":true,\"valueName\":\"search_term_string\"}}],\"inLanguage\":\"en-US\"}]}<\/script>\n<!-- \/ Yoast SEO plugin. -->","yoast_head_json":{"title":"Introduction to the exhibition \"Light on your feet\" Dr. Klaus Bock | Galerie f\u00fcr nachhaltige Kunst in Berlin","description":"Introduction to the exhibition \"Leichtf\u00fc\u00dfig\" by Dr. Klaus Bock at the vernissage on 6.10.2023","robots":{"index":"index","follow":"follow","max-snippet":"max-snippet:-1","max-image-preview":"max-image-preview:large","max-video-preview":"max-video-preview:-1"},"canonical":"https:\/\/gg3.eu\/en\/introduction-to-the-exhibition-light-on-your-feet-dr-klaus-bock\/","og_locale":"en_US","og_type":"article","og_title":"Introduction to the exhibition \"Light on your feet\" Dr. Klaus Bock | Galerie f\u00fcr nachhaltige Kunst in Berlin","og_description":"Introduction to the exhibition \"Leichtf\u00fc\u00dfig\" by Dr. Klaus Bock at the vernissage on 6.10.2023","og_url":"https:\/\/gg3.eu\/en\/introduction-to-the-exhibition-light-on-your-feet-dr-klaus-bock\/","og_site_name":"Galerie f\u00fcr nachhaltige Kunst in Berlin","article_publisher":"https:\/\/www.facebook.com\/GroupGlobal3000\/","article_modified_time":"2023-11-20T11:37:14+00:00","og_image":[{"url":"https:\/\/gg3.eu\/wp-content\/uploads\/2023\/10\/DSC01273-300x200.jpg","type":"","width":"","height":""}],"twitter_card":"summary_large_image","twitter_misc":{"Est. reading time":"4 minutes"},"schema":{"@context":"https:\/\/schema.org","@graph":[{"@type":"WebPage","@id":"https:\/\/gg3.eu\/en\/introduction-to-the-exhibition-light-on-your-feet-dr-klaus-bock\/","url":"https:\/\/gg3.eu\/en\/introduction-to-the-exhibition-light-on-your-feet-dr-klaus-bock\/","name":"Introduction to the exhibition \"Light on your feet\" Dr. Klaus Bock | Galerie f\u00fcr nachhaltige Kunst in Berlin","isPartOf":{"@id":"https:\/\/gg3.eu\/en\/#website"},"primaryImageOfPage":{"@id":"https:\/\/gg3.eu\/en\/introduction-to-the-exhibition-light-on-your-feet-dr-klaus-bock\/#primaryimage"},"image":{"@id":"https:\/\/gg3.eu\/en\/introduction-to-the-exhibition-light-on-your-feet-dr-klaus-bock\/#primaryimage"},"thumbnailUrl":"https:\/\/gg3.eu\/wp-content\/uploads\/2023\/10\/DSC01273-300x200.jpg","datePublished":"2023-10-11T12:47:24+00:00","dateModified":"2023-11-20T11:37:14+00:00","description":"Introduction to the exhibition \"Leichtf\u00fc\u00dfig\" by Dr. Klaus Bock at the vernissage on 6.10.2023","breadcrumb":{"@id":"https:\/\/gg3.eu\/en\/introduction-to-the-exhibition-light-on-your-feet-dr-klaus-bock\/#breadcrumb"},"inLanguage":"en-US","potentialAction":[{"@type":"ReadAction","target":["https:\/\/gg3.eu\/en\/introduction-to-the-exhibition-light-on-your-feet-dr-klaus-bock\/"]}]},{"@type":"ImageObject","inLanguage":"en-US","@id":"https:\/\/gg3.eu\/en\/introduction-to-the-exhibition-light-on-your-feet-dr-klaus-bock\/#primaryimage","url":"https:\/\/gg3.eu\/wp-content\/uploads\/2023\/10\/DSC01273-300x200.jpg","contentUrl":"https:\/\/gg3.eu\/wp-content\/uploads\/2023\/10\/DSC01273-300x200.jpg"},{"@type":"BreadcrumbList","@id":"https:\/\/gg3.eu\/en\/introduction-to-the-exhibition-light-on-your-feet-dr-klaus-bock\/#breadcrumb","itemListElement":[{"@type":"ListItem","position":1,"name":"Startseite","item":"https:\/\/gg3.eu\/en\/"},{"@type":"ListItem","position":2,"name":"Introduction to the exhibition &#8220;Light on your feet&#8221; Dr. Klaus Bock"}]},{"@type":"WebSite","@id":"https:\/\/gg3.eu\/en\/#website","url":"https:\/\/gg3.eu\/en\/","name":"Galerie f\u00fcr nachhaltige Kunst in Berlin","description":"","potentialAction":[{"@type":"SearchAction","target":{"@type":"EntryPoint","urlTemplate":"https:\/\/gg3.eu\/en\/?s={search_term_string}"},"query-input":{"@type":"PropertyValueSpecification","valueRequired":true,"valueName":"search_term_string"}}],"inLanguage":"en-US"}]}},"_links":{"self":[{"href":"https:\/\/gg3.eu\/en\/wp-json\/wp\/v2\/pages\/26487","targetHints":{"allow":["GET"]}}],"collection":[{"href":"https:\/\/gg3.eu\/en\/wp-json\/wp\/v2\/pages"}],"about":[{"href":"https:\/\/gg3.eu\/en\/wp-json\/wp\/v2\/types\/page"}],"author":[{"embeddable":true,"href":"https:\/\/gg3.eu\/en\/wp-json\/wp\/v2\/users\/5"}],"replies":[{"embeddable":true,"href":"https:\/\/gg3.eu\/en\/wp-json\/wp\/v2\/comments?post=26487"}],"version-history":[{"count":0,"href":"https:\/\/gg3.eu\/en\/wp-json\/wp\/v2\/pages\/26487\/revisions"}],"wp:attachment":[{"href":"https:\/\/gg3.eu\/en\/wp-json\/wp\/v2\/media?parent=26487"}],"wp:term":[{"taxonomy":"post_tag","embeddable":true,"href":"https:\/\/gg3.eu\/en\/wp-json\/wp\/v2\/tags?post=26487"}],"curies":[{"name":"wp","href":"https:\/\/api.w.org\/{rel}","templated":true}]}}